{"id":250,"date":"2021-08-03T12:13:55","date_gmt":"2021-08-03T12:13:55","guid":{"rendered":"https:\/\/jarimarkkinen.fi\/?page_id=250"},"modified":"2024-05-07T18:17:36","modified_gmt":"2024-05-07T15:17:36","slug":"vetouistelu","status":"publish","type":"page","link":"https:\/\/jarimarkkinen.fi\/index.php\/vetouistelu\/","title":{"rendered":"Vetouistelu"},"content":{"rendered":"\t\t<div data-elementor-type=\"wp-page\" data-elementor-id=\"250\" class=\"elementor elementor-250\">\n\t\t\t\t\t\t<section class=\"has_eae_slider elementor-section elementor-top-section elementor-element elementor-element-105d641 elementor-section-boxed elementor-section-height-default elementor-section-height-default\" data-id=\"105d641\" data-element_type=\"section\">\n\t\t\t\t\t\t<div class=\"elementor-container elementor-column-gap-default\">\n\t\t\t\t\t<div class=\"has_eae_slider elementor-column elementor-col-100 elementor-top-column elementor-element elementor-element-735868b\" data-id=\"735868b\" data-element_type=\"column\">\n\t\t\t<div class=\"elementor-widget-wrap elementor-element-populated\">\n\t\t\t\t\t\t<div class=\"elementor-element elementor-element-1af3ecf elementor-widget elementor-widget-image\" data-id=\"1af3ecf\" data-element_type=\"widget\" data-widget_type=\"image.default\">\n\t\t\t\t\t\t\t\t\t\t\t\t\t\t\t<img fetchpriority=\"high\" decoding=\"async\" width=\"750\" height=\"1000\" src=\"https:\/\/jarimarkkinen.fi\/wp-content\/uploads\/2021\/08\/20200807_172509-768x1024.jpg\" class=\"attachment-large size-large wp-image-65\" alt=\"\" srcset=\"https:\/\/jarimarkkinen.fi\/wp-content\/uploads\/2021\/08\/20200807_172509-768x1024.jpg 768w, https:\/\/jarimarkkinen.fi\/wp-content\/uploads\/2021\/08\/20200807_172509-225x300.jpg 225w, https:\/\/jarimarkkinen.fi\/wp-content\/uploads\/2021\/08\/20200807_172509-1152x1536.jpg 1152w, https:\/\/jarimarkkinen.fi\/wp-content\/uploads\/2021\/08\/20200807_172509-1536x2048.jpg 1536w, https:\/\/jarimarkkinen.fi\/wp-content\/uploads\/2021\/08\/20200807_172509-1568x2091.jpg 1568w, https:\/\/jarimarkkinen.fi\/wp-content\/uploads\/2021\/08\/20200807_172509-scaled.jpg 1920w\" sizes=\"(max-width: 750px) 100vw, 750px\" style=\"width:100%;height:133.33%;max-width:1920px\" \/>\t\t\t\t\t\t\t\t\t\t\t\t\t\t\t<\/div>\n\t\t\t\t<div class=\"elementor-element elementor-element-272740c elementor-widget__width-initial elementor-absolute elementor-widget elementor-widget-image\" data-id=\"272740c\" data-element_type=\"widget\" data-settings=\"{&quot;_position&quot;:&quot;absolute&quot;}\" data-widget_type=\"image.default\">\n\t\t\t\t\t\t\t\t\t\t\t\t\t\t\t<img decoding=\"async\" width=\"145\" height=\"113\" src=\"https:\/\/jarimarkkinen.fi\/wp-content\/uploads\/2021\/08\/a-fish.gif\" class=\"attachment-thumbnail size-thumbnail wp-image-93\" alt=\"\" style=\"width:100%;height:77.93%;max-width:145px\" \/>\t\t\t\t\t\t\t\t\t\t\t\t\t\t\t<\/div>\n\t\t\t\t\t<\/div>\n\t\t<\/div>\n\t\t\t\t\t<\/div>\n\t\t<\/section>\n\t\t\t\t<section class=\"has_eae_slider elementor-section elementor-top-section elementor-element elementor-element-e265ce2 elementor-section-boxed elementor-section-height-default elementor-section-height-default\" data-id=\"e265ce2\" data-element_type=\"section\">\n\t\t\t\t\t\t<div class=\"elementor-container elementor-column-gap-default\">\n\t\t\t\t\t<div class=\"has_eae_slider elementor-column elementor-col-100 elementor-top-column elementor-element elementor-element-a571961\" data-id=\"a571961\" data-element_type=\"column\">\n\t\t\t<div class=\"elementor-widget-wrap elementor-element-populated\">\n\t\t\t\t\t\t<div class=\"elementor-element elementor-element-267bc0f elementor-widget elementor-widget-text-editor\" data-id=\"267bc0f\" data-element_type=\"widget\" data-widget_type=\"text-editor.default\">\n\t\t\t\t\t\t\t\t\t<p><strong>Vetouistelu on\u00a0 hyv\u00e4 harrastus vaikkei aina saisikaan saalista. Pielinen vesist\u00f6n\u00e4 tarjoaa upea puitteet harrastukselle ja retkeilylle.<\/strong><\/p>\t\t\t\t\t\t\t\t<\/div>\n\t\t\t\t\t<\/div>\n\t\t<\/div>\n\t\t\t\t\t<\/div>\n\t\t<\/section>\n\t\t\t\t<section class=\"has_eae_slider elementor-section elementor-top-section elementor-element elementor-element-fe0b418 elementor-section-boxed elementor-section-height-default elementor-section-height-default\" data-id=\"fe0b418\" data-element_type=\"section\">\n\t\t\t\t\t\t<div class=\"elementor-container elementor-column-gap-default\">\n\t\t\t\t\t<div class=\"has_eae_slider elementor-column elementor-col-100 elementor-top-column elementor-element elementor-element-aaae133\" data-id=\"aaae133\" data-element_type=\"column\">\n\t\t\t<div class=\"elementor-widget-wrap elementor-element-populated\">\n\t\t\t\t\t\t<div class=\"elementor-element elementor-element-38acded elementor-widget__width-initial elementor-absolute elementor-widget elementor-widget-image\" data-id=\"38acded\" data-element_type=\"widget\" data-settings=\"{&quot;_position&quot;:&quot;absolute&quot;}\" data-widget_type=\"image.default\">\n\t\t\t\t\t\t\t\t\t\t\t\t\t\t\t<img decoding=\"async\" width=\"145\" height=\"113\" src=\"https:\/\/jarimarkkinen.fi\/wp-content\/uploads\/2021\/08\/a-fish.gif\" class=\"attachment-thumbnail size-thumbnail wp-image-93\" alt=\"\" style=\"width:100%;height:77.93%;max-width:145px\" \/>\t\t\t\t\t\t\t\t\t\t\t\t\t\t\t<\/div>\n\t\t\t\t\t<\/div>\n\t\t<\/div>\n\t\t\t\t\t<\/div>\n\t\t<\/section>\n\t\t<div class=\"has_eae_slider elementor-element elementor-element-34ec553 e-flex e-con-boxed e-con e-parent\" data-id=\"34ec553\" data-element_type=\"container\">\n\t\t\t\t\t<div class=\"e-con-inner\">\n\t\t\t\t<div class=\"elementor-element elementor-element-f60a052 elementor-widget elementor-widget-video\" data-id=\"f60a052\" data-element_type=\"widget\" data-settings=\"{&quot;youtube_url&quot;:&quot;https:\\\/\\\/youtu.be\\\/mZCkbW2o8As&quot;,&quot;autoplay&quot;:&quot;yes&quot;,&quot;show_image_overlay&quot;:&quot;yes&quot;,&quot;image_overlay&quot;:{&quot;url&quot;:&quot;&quot;,&quot;id&quot;:&quot;&quot;,&quot;size&quot;:&quot;&quot;,&quot;alt&quot;:&quot;&quot;,&quot;source&quot;:&quot;library&quot;},&quot;video_type&quot;:&quot;youtube&quot;}\" data-widget_type=\"video.default\">\n\t\t\t\t\t\t\t<div class=\"elementor-wrapper elementor-open-inline\">\n\t\t\t<div class=\"elementor-video\"><\/div>\t\t<\/div>\n\t\t\t\t\t\t<\/div>\n\t\t\t\t\t<\/div>\n\t\t\t\t<\/div>\n\t\t\t\t<section class=\"has_eae_slider elementor-section elementor-top-section elementor-element elementor-element-cc542ba elementor-section-boxed elementor-section-height-default elementor-section-height-default\" data-id=\"cc542ba\" data-element_type=\"section\">\n\t\t\t\t\t\t<div class=\"elementor-container elementor-column-gap-default\">\n\t\t\t\t\t<div class=\"has_eae_slider elementor-column elementor-col-100 elementor-top-column elementor-element elementor-element-a70e592\" data-id=\"a70e592\" data-element_type=\"column\">\n\t\t\t<div class=\"elementor-widget-wrap elementor-element-populated\">\n\t\t\t\t\t\t<div class=\"elementor-element elementor-element-fd41b92 elementor-widget__width-initial elementor-absolute elementor-widget elementor-widget-image\" data-id=\"fd41b92\" data-element_type=\"widget\" data-settings=\"{&quot;_position&quot;:&quot;absolute&quot;}\" data-widget_type=\"image.default\">\n\t\t\t\t\t\t\t\t\t\t\t\t\t\t\t<img decoding=\"async\" width=\"145\" height=\"113\" src=\"https:\/\/jarimarkkinen.fi\/wp-content\/uploads\/2021\/08\/a-fish.gif\" class=\"attachment-thumbnail size-thumbnail wp-image-93\" alt=\"\" style=\"width:100%;height:77.93%;max-width:145px\" \/>\t\t\t\t\t\t\t\t\t\t\t\t\t\t\t<\/div>\n\t\t\t\t\t<\/div>\n\t\t<\/div>\n\t\t\t\t\t<\/div>\n\t\t<\/section>\n\t\t\t\t<\/div>\n\t\t","protected":false},"excerpt":{"rendered":"<p>Vetouistelu on\u00a0 hyv\u00e4 harrastus vaikkei aina saisikaan saalista. Pielinen vesist\u00f6n\u00e4 tarjoaa upea puitteet harrastukselle ja retkeilylle.<\/p>\n","protected":false},"author":1,"featured_media":0,"parent":0,"menu_order":0,"comment_status":"closed","ping_status":"closed","template":"","meta":{"tpgb_global_settings":"","footnotes":""},"class_list":["post-250","page","type-page","status-publish","hentry","entry"],"tpgb_featured_images":null,"tpgb_post_meta_info":{"get_date":"3.8.2021","get_modified_date":"7.5.2024","author_name":"admin","author_url":"https:\/\/jarimarkkinen.fi\/index.php\/author\/admin\/","author_email":"jari.markkinen@storaenso.com","author_website":"https:\/\/jarimarkkinen.fi","author_description":"","author_facebook":"","author_twitter":"","author_instagram":"","author_role":["administrator"],"author_firstname":"","author_lastname":"","user_login":"markkja69","author_avatar":"<img alt='' src='https:\/\/secure.gravatar.com\/avatar\/6d40fd4aab4ed04a68a38b09993dccfb?s=200&#038;d=mm&#038;r=g' srcset='https:\/\/secure.gravatar.com\/avatar\/6d40fd4aab4ed04a68a38b09993dccfb?s=400&#038;d=mm&#038;r=g 2x' class='avatar avatar-200 photo' height='200' width='200' decoding='async'\/>","author_avatar_url":"https:\/\/secure.gravatar.com\/avatar\/6d40fd4aab4ed04a68a38b09993dccfb?s=96&d=mm&r=g","comment_count":0,"post_likes":0,"post_views":0},"tpgb_post_category":[],"jetpack_sharing_enabled":true,"_links":{"self":[{"href":"https:\/\/jarimarkkinen.fi\/index.php\/wp-json\/wp\/v2\/pages\/250","targetHints":{"allow":["GET"]}}],"collection":[{"href":"https:\/\/jarimarkkinen.fi\/index.php\/wp-json\/wp\/v2\/pages"}],"about":[{"href":"https:\/\/jarimarkkinen.fi\/index.php\/wp-json\/wp\/v2\/types\/page"}],"author":[{"embeddable":true,"href":"https:\/\/jarimarkkinen.fi\/index.php\/wp-json\/wp\/v2\/users\/1"}],"replies":[{"embeddable":true,"href":"https:\/\/jarimarkkinen.fi\/index.php\/wp-json\/wp\/v2\/comments?post=250"}],"version-history":[{"count":126,"href":"https:\/\/jarimarkkinen.fi\/index.php\/wp-json\/wp\/v2\/pages\/250\/revisions"}],"predecessor-version":[{"id":2832,"href":"https:\/\/jarimarkkinen.fi\/index.php\/wp-json\/wp\/v2\/pages\/250\/revisions\/2832"}],"wp:attachment":[{"href":"https:\/\/jarimarkkinen.fi\/index.php\/wp-json\/wp\/v2\/media?parent=250"}],"curies":[{"name":"wp","href":"https:\/\/api.w.org\/{rel}","templated":true}]}}